{"id":2547,"date":"2023-04-07T01:14:08","date_gmt":"2023-04-07T00:14:08","guid":{"rendered":"https:\/\/atelier-lharmonie.com\/?page_id=2547"},"modified":"2023-04-26T17:32:54","modified_gmt":"2023-04-26T22:32:54","slug":"molderia","status":"publish","type":"page","link":"https:\/\/atelier-lharmonie.com\/index.php\/molderia\/","title":{"rendered":"Molderia"},"content":{"rendered":"<p>[vc_row header_feature=&#8221;yes&#8221; desktop_visibility=&#8221;hide&#8221; tablet_visibility=&#8221;hide&#8221; tablet_sm_visibility=&#8221;hide&#8221; mobile_visibility=&#8221;hide&#8221; margin_bottom=&#8221;0&#8243;][vc_column]<div class=\"eut-element eut-image eut-align-center\" style=\"\"><img width=\"1708\" height=\"2560\" src=\"https:\/\/atelier-lharmonie.com\/wp-content\/uploads\/2023\/04\/molderia-scaled.jpg\" class=\"attachment-full size-full\" alt=\"\" decoding=\"async\" loading=\"lazy\" srcset=\"https:\/\/atelier-lharmonie.com\/wp-content\/uploads\/2023\/04\/molderia-scaled.jpg 1708w, https:\/\/atelier-lharmonie.com\/wp-content\/uploads\/2023\/04\/molderia-200x300.jpg 200w, https:\/\/atelier-lharmonie.com\/wp-content\/uploads\/2023\/04\/molderia-683x1024.jpg 683w, https:\/\/atelier-lharmonie.com\/wp-content\/uploads\/2023\/04\/molderia-768x1151.jpg 768w, https:\/\/atelier-lharmonie.com\/wp-content\/uploads\/2023\/04\/molderia-1025x1536.jpg 1025w, https:\/\/atelier-lharmonie.com\/wp-content\/uploads\/2023\/04\/molderia-1366x2048.jpg 1366w, https:\/\/atelier-lharmonie.com\/wp-content\/uploads\/2023\/04\/molderia-1281x1920.jpg 1281w, https:\/\/atelier-lharmonie.com\/wp-content\/uploads\/2023\/04\/molderia-600x899.jpg 600w\" sizes=\"(max-width: 1708px) 100vw, 1708px\" \/><\/div>[\/vc_column][\/vc_row][vc_row desktop_visibility=&#8221;hide&#8221; tablet_visibility=&#8221;hide&#8221; tablet_sm_visibility=&#8221;hide&#8221; mobile_visibility=&#8221;hide&#8221; padding_bottom=&#8221;120&#8243; margin_bottom=&#8221;0&#8243; padding_top=&#8221;120&#8243;][vc_column width=&#8221;1\/2&#8243;][vc_empty_space height=&#8221;60&#8243;]<div class=\"eut-element eut-slogan eut-align-left\" style=\"\"><h3 class=\"eut-slogan-title eut-align-left eut-title-line\"><span>Interior Design<\/span><\/h3>  <p class=\"\">Debitis ceteros comprehensam ius ex. Inimicus elaboraret conclusionemque ei ius, nam no dolor vitae accusam. Vero petentium cum ei, an duo tota nostro, has te accumsan lucilius intellegam. Noluisse vivendum qui te, ex qui ipsum assum. Persecuti reformidans nam id, ex malorum reprimique mea, eum libris..<\/p><div class=\"eut-btn-wrapper\"><a class=\"eut-btn eut-btn-medium eut-square eut-black-color eut-btn-line\" href=\"#\" target=\"_self\" style=\"\"><span>View More<\/span><\/a><\/div><\/div>[vc_empty_space height=&#8221;80&#8243;]<div class=\"eut-element eut-slogan eut-align-left\" style=\"\"><h3 class=\"eut-slogan-title eut-align-left eut-title-line\"><span>Architecture Solution<\/span><\/h3>  <p class=\"\">Nisl viris docendi et vix, homero melius commune ius in. Duo no denique scribentur appellantur, solum suavitate ea per. Nam ea utroque copiosae. Vix an legere ridens legimus. Vim ne nihil elaboraret, in alii antiopam ullamcorper vis. Debitis ceteros comprehensam ius ex. Inimicus elaboraret conclusionemque ei ius, nam no dolor vitae accusam. Vero petentium cum ei, an duo tota nostro, has te accumsan lucilius intellegam. Noluisse vivendum qui te, ex qui ipsum assum. Persecuti reformidans nam id, ex malorum reprimique mea.<\/p><div class=\"eut-btn-wrapper\"><a class=\"eut-btn eut-btn-medium eut-square eut-black-color eut-btn-line\" href=\"#\" target=\"_self\" style=\"\"><span>View More<\/span><\/a><\/div><\/div>[\/vc_column][vc_column width=&#8221;1\/2&#8243;]<div class=\"eut-element eut-image eut-align-center\" style=\"\"><\/div>[\/vc_column][\/vc_row][vc_row][vc_column][vc_empty_space height=&#8221;60&#8243;]<div class=\"eut-element eut-slogan eut-align-left\" style=\"\">  <p class=\"\">Para desarrollar sus proyectos con total tranquilidad, discutiremos desde nuestra primera cita de cada modelo, con el fin de establecer los t\u00e9rminos de referencias precisos sobre el estilo, el volumen y el tipo de acabados deseados.<br \/>\n<\/p><\/div><div class=\"eut-element eut-slogan eut-align-left\" style=\"\">  <p class=\"\">Seg\u00fan la carta de calidad establecida por su marca (pr\u00eat-a-porter, pr\u00eat-a-porter lujo, alta costura), estudiar\u00e9 las l\u00edneas de la prenda y el enfoque de los materiales y le presentar\u00e9 mis sugerencias en cuanto a las posibilidades t\u00e9cnicas adecuadas para obtener el mejor resultado.<\/p><\/div><div class=\"eut-element eut-slogan eut-align-left\" style=\"\">  <p class=\"\">Posteriormente, seguir\u00e9 los siguientes pasos:<\/p><\/div><div class=\"eut-element eut-slogan eut-align-left\" style=\"\">  <p class=\"\">\u25cf An\u00e1lisis de las proporciones del modelo, estudio del estilo y del volumen del modelo en maniqu\u00ed<br \/>\n\u25cf Construcci\u00f3n del patronaje a partir del tama\u00f1o b\u00e1sico de la marca<br \/>\n\u25cf Resumen del prototipo de lienzo<br \/>\n\u25cf Sesi\u00f3n de prueba para comprobar el volumen y la ca\u00edda del modelo<br \/>\n\u25cf Retoques del patronaje<br \/>\n\u25cf Confecci\u00f3n completa del modelo en tela<br \/>\n\u25cf Sesi\u00f3n de prueba del prototipo para validaci\u00f3n final<br \/>\n\u25cf Redacci\u00f3n del expediente t\u00e9cnico, con los comentarios del montaje<br \/>\n\u25cf Digitalizaci\u00f3n (con mesa de Digitalizaci\u00f3n)<br \/>\n\u25cf Escalado (programa Optitex)<br \/>\n\u25cf Producci\u00f3n (solo series peque\u00f1as)<\/p><\/div><div class=\"eut-element eut-slogan eut-align-left\" style=\"\">  <p class=\"\">Todas las prestaciones son a la carta y cualquier cambio de estilo en el patronaje generar\u00e1 un cargo adicional.<\/p><\/div><div class=\"eut-element eut-slogan eut-align-left\" style=\"\">  <p class=\"\">L\u2019Harmonie se compromete a respetar altos est\u00e1ndares \u00e9ticos y deontol\u00f3gicos. Por ello, el taller no realiza reproducciones de modelos existentes con fines comerciales y respeta estrictamente la cl\u00e1usula de confidencialidad firmada en el momento de la validaci\u00f3n del presupuesto.<\/p><div class=\"eut-btn-wrapper\"><a class=\"eut-btn eut-btn-medium eut-square eut-black-color eut-btn-line\" href=\"https:\/\/atelier-lharmonie.com\/index.php\/contacto\/\" target=\"_self\" style=\"\"><span>Contacto<\/span><\/a><\/div><\/div>[\/vc_column][\/vc_row]<\/p>\n","protected":false},"excerpt":{"rendered":"<p>[vc_row header_feature=&#8221;yes&#8221; desktop_visibility=&#8221;hide&#8221; tablet_visibility=&#8221;hide&#8221; tablet_sm_visibility=&#8221;hide&#8221; mobile_visibility=&#8221;hide&#8221; margin_bottom=&#8221;0&#8243;][vc_column][\/vc_column][\/vc_row][vc_row desktop_visibility=&#8221;hide&#8221; tablet_visibility=&#8221;hide&#8221; tablet_sm_visibility=&#8221;hide&#8221; mobile_visibility=&#8221;hide&#8221; padding_bottom=&#8221;120&#8243; margin_bottom=&#8221;0&#8243; padding_top=&#8221;120&#8243;][vc_column width=&#8221;1\/2&#8243;][vc_empty_space height=&#8221;60&#8243;][vc_empty_space height=&#8221;80&#8243;][\/vc_column][vc_column width=&#8221;1\/2&#8243;][\/vc_column][\/vc_row][vc_row][vc_column][vc_empty_space height=&#8221;60&#8243;][\/vc_column][\/vc_row]<\/p>\n","protected":false},"author":1,"featured_media":0,"parent":0,"menu_order":0,"comment_status":"closed","ping_status":"closed","template":"","meta":[],"yoast_head":"<!-- This site is optimized with the Yoast SEO plugin v20.5 - https:\/\/yoast.com\/wordpress\/plugins\/seo\/ -->\n<title>Molderia - Atelier L&#039;Harmonie<\/title>\n<meta name=\"robots\" content=\"index, follow, max-snippet:-1, max-image-preview:large, max-video-preview:-1\" \/>\n<link rel=\"canonical\" href=\"https:\/\/atelier-lharmonie.com\/index.php\/molderia\/\" \/>\n<meta property=\"og:locale\" content=\"es_ES\" \/>\n<meta property=\"og:type\" content=\"article\" \/>\n<meta property=\"og:title\" content=\"Molderia - Atelier L&#039;Harmonie\" \/>\n<meta property=\"og:description\" content=\"[vc_row header_feature=&#8221;yes&#8221; desktop_visibility=&#8221;hide&#8221; tablet_visibility=&#8221;hide&#8221; tablet_sm_visibility=&#8221;hide&#8221; mobile_visibility=&#8221;hide&#8221; margin_bottom=&#8221;0&#8243;][vc_column][\/vc_column][\/vc_row][vc_row desktop_visibility=&#8221;hide&#8221; tablet_visibility=&#8221;hide&#8221; tablet_sm_visibility=&#8221;hide&#8221; mobile_visibility=&#8221;hide&#8221; padding_bottom=&#8221;120&#8243; margin_bottom=&#8221;0&#8243; padding_top=&#8221;120&#8243;][vc_column width=&#8221;1\/2&#8243;][vc_empty_space height=&#8221;60&#8243;][vc_empty_space height=&#8221;80&#8243;][\/vc_column][vc_column width=&#8221;1\/2&#8243;][\/vc_column][\/vc_row][vc_row][vc_column][vc_empty_space height=&#8221;60&#8243;][\/vc_column][\/vc_row]\" \/>\n<meta property=\"og:url\" content=\"https:\/\/atelier-lharmonie.com\/index.php\/molderia\/\" \/>\n<meta property=\"og:site_name\" content=\"Atelier L&#039;Harmonie\" \/>\n<meta property=\"article:modified_time\" content=\"2023-04-26T22:32:54+00:00\" \/>\n<meta name=\"twitter:card\" content=\"summary_large_image\" \/>\n<meta name=\"twitter:label1\" content=\"Tiempo estimado de lectura\" \/>\n\t<meta name=\"twitter:data1\" content=\"2 minutos\" \/>\n<script type=\"application\/ld+json\" class=\"yoast-schema-graph\">{\"@context\":\"https:\/\/schema.org\",\"@graph\":[{\"@type\":\"WebPage\",\"@id\":\"https:\/\/atelier-lharmonie.com\/index.php\/molderia\/\",\"url\":\"https:\/\/atelier-lharmonie.com\/index.php\/molderia\/\",\"name\":\"Molderia - Atelier L&#039;Harmonie\",\"isPartOf\":{\"@id\":\"https:\/\/atelier-lharmonie.com\/#website\"},\"datePublished\":\"2023-04-07T00:14:08+00:00\",\"dateModified\":\"2023-04-26T22:32:54+00:00\",\"breadcrumb\":{\"@id\":\"https:\/\/atelier-lharmonie.com\/index.php\/molderia\/#breadcrumb\"},\"inLanguage\":\"es-CO\",\"potentialAction\":[{\"@type\":\"ReadAction\",\"target\":[\"https:\/\/atelier-lharmonie.com\/index.php\/molderia\/\"]}]},{\"@type\":\"BreadcrumbList\",\"@id\":\"https:\/\/atelier-lharmonie.com\/index.php\/molderia\/#breadcrumb\",\"itemListElement\":[{\"@type\":\"ListItem\",\"position\":1,\"name\":\"Inicio\",\"item\":\"https:\/\/atelier-lharmonie.com\/\"},{\"@type\":\"ListItem\",\"position\":2,\"name\":\"Molderia\"}]},{\"@type\":\"WebSite\",\"@id\":\"https:\/\/atelier-lharmonie.com\/#website\",\"url\":\"https:\/\/atelier-lharmonie.com\/\",\"name\":\"Atelier L'Harmonie\",\"description\":\"&quot;La pasi\u00f3n del savoir-faire franc\u00e9s&quot;\",\"publisher\":{\"@id\":\"https:\/\/atelier-lharmonie.com\/#\/schema\/person\/edf81820390cc803ccb4404d38e63de0\"},\"potentialAction\":[{\"@type\":\"SearchAction\",\"target\":{\"@type\":\"EntryPoint\",\"urlTemplate\":\"https:\/\/atelier-lharmonie.com\/?s={search_term_string}\"},\"query-input\":\"required name=search_term_string\"}],\"inLanguage\":\"es-CO\"},{\"@type\":[\"Person\",\"Organization\"],\"@id\":\"https:\/\/atelier-lharmonie.com\/#\/schema\/person\/edf81820390cc803ccb4404d38e63de0\",\"name\":\"lea.raymond.mod@gmail.com\",\"image\":{\"@type\":\"ImageObject\",\"inLanguage\":\"es-CO\",\"@id\":\"https:\/\/atelier-lharmonie.com\/#\/schema\/person\/image\/\",\"url\":\"https:\/\/atelier-lharmonie.com\/wp-content\/uploads\/2023\/04\/logo-n-200.png\",\"contentUrl\":\"https:\/\/atelier-lharmonie.com\/wp-content\/uploads\/2023\/04\/logo-n-200.png\",\"width\":3720,\"height\":200,\"caption\":\"lea.raymond.mod@gmail.com\"},\"logo\":{\"@id\":\"https:\/\/atelier-lharmonie.com\/#\/schema\/person\/image\/\"},\"sameAs\":[\"http:\/\/atelier-lharmonie.com\"]}]}<\/script>\n<!-- \/ Yoast SEO plugin. -->","yoast_head_json":{"title":"Molderia - Atelier L&#039;Harmonie","robots":{"index":"index","follow":"follow","max-snippet":"max-snippet:-1","max-image-preview":"max-image-preview:large","max-video-preview":"max-video-preview:-1"},"canonical":"https:\/\/atelier-lharmonie.com\/index.php\/molderia\/","og_locale":"es_ES","og_type":"article","og_title":"Molderia - Atelier L&#039;Harmonie","og_description":"[vc_row header_feature=&#8221;yes&#8221; desktop_visibility=&#8221;hide&#8221; tablet_visibility=&#8221;hide&#8221; tablet_sm_visibility=&#8221;hide&#8221; mobile_visibility=&#8221;hide&#8221; margin_bottom=&#8221;0&#8243;][vc_column][\/vc_column][\/vc_row][vc_row desktop_visibility=&#8221;hide&#8221; tablet_visibility=&#8221;hide&#8221; tablet_sm_visibility=&#8221;hide&#8221; mobile_visibility=&#8221;hide&#8221; padding_bottom=&#8221;120&#8243; margin_bottom=&#8221;0&#8243; padding_top=&#8221;120&#8243;][vc_column width=&#8221;1\/2&#8243;][vc_empty_space height=&#8221;60&#8243;][vc_empty_space height=&#8221;80&#8243;][\/vc_column][vc_column width=&#8221;1\/2&#8243;][\/vc_column][\/vc_row][vc_row][vc_column][vc_empty_space height=&#8221;60&#8243;][\/vc_column][\/vc_row]","og_url":"https:\/\/atelier-lharmonie.com\/index.php\/molderia\/","og_site_name":"Atelier L&#039;Harmonie","article_modified_time":"2023-04-26T22:32:54+00:00","twitter_card":"summary_large_image","twitter_misc":{"Tiempo estimado de lectura":"2 minutos"},"schema":{"@context":"https:\/\/schema.org","@graph":[{"@type":"WebPage","@id":"https:\/\/atelier-lharmonie.com\/index.php\/molderia\/","url":"https:\/\/atelier-lharmonie.com\/index.php\/molderia\/","name":"Molderia - Atelier L&#039;Harmonie","isPartOf":{"@id":"https:\/\/atelier-lharmonie.com\/#website"},"datePublished":"2023-04-07T00:14:08+00:00","dateModified":"2023-04-26T22:32:54+00:00","breadcrumb":{"@id":"https:\/\/atelier-lharmonie.com\/index.php\/molderia\/#breadcrumb"},"inLanguage":"es-CO","potentialAction":[{"@type":"ReadAction","target":["https:\/\/atelier-lharmonie.com\/index.php\/molderia\/"]}]},{"@type":"BreadcrumbList","@id":"https:\/\/atelier-lharmonie.com\/index.php\/molderia\/#breadcrumb","itemListElement":[{"@type":"ListItem","position":1,"name":"Inicio","item":"https:\/\/atelier-lharmonie.com\/"},{"@type":"ListItem","position":2,"name":"Molderia"}]},{"@type":"WebSite","@id":"https:\/\/atelier-lharmonie.com\/#website","url":"https:\/\/atelier-lharmonie.com\/","name":"Atelier L'Harmonie","description":"&quot;La pasi\u00f3n del savoir-faire franc\u00e9s&quot;","publisher":{"@id":"https:\/\/atelier-lharmonie.com\/#\/schema\/person\/edf81820390cc803ccb4404d38e63de0"},"potentialAction":[{"@type":"SearchAction","target":{"@type":"EntryPoint","urlTemplate":"https:\/\/atelier-lharmonie.com\/?s={search_term_string}"},"query-input":"required name=search_term_string"}],"inLanguage":"es-CO"},{"@type":["Person","Organization"],"@id":"https:\/\/atelier-lharmonie.com\/#\/schema\/person\/edf81820390cc803ccb4404d38e63de0","name":"lea.raymond.mod@gmail.com","image":{"@type":"ImageObject","inLanguage":"es-CO","@id":"https:\/\/atelier-lharmonie.com\/#\/schema\/person\/image\/","url":"https:\/\/atelier-lharmonie.com\/wp-content\/uploads\/2023\/04\/logo-n-200.png","contentUrl":"https:\/\/atelier-lharmonie.com\/wp-content\/uploads\/2023\/04\/logo-n-200.png","width":3720,"height":200,"caption":"lea.raymond.mod@gmail.com"},"logo":{"@id":"https:\/\/atelier-lharmonie.com\/#\/schema\/person\/image\/"},"sameAs":["http:\/\/atelier-lharmonie.com"]}]}},"_links":{"self":[{"href":"https:\/\/atelier-lharmonie.com\/index.php\/wp-json\/wp\/v2\/pages\/2547"}],"collection":[{"href":"https:\/\/atelier-lharmonie.com\/index.php\/wp-json\/wp\/v2\/pages"}],"about":[{"href":"https:\/\/atelier-lharmonie.com\/index.php\/wp-json\/wp\/v2\/types\/page"}],"author":[{"embeddable":true,"href":"https:\/\/atelier-lharmonie.com\/index.php\/wp-json\/wp\/v2\/users\/1"}],"replies":[{"embeddable":true,"href":"https:\/\/atelier-lharmonie.com\/index.php\/wp-json\/wp\/v2\/comments?post=2547"}],"version-history":[{"count":3,"href":"https:\/\/atelier-lharmonie.com\/index.php\/wp-json\/wp\/v2\/pages\/2547\/revisions"}],"predecessor-version":[{"id":2714,"href":"https:\/\/atelier-lharmonie.com\/index.php\/wp-json\/wp\/v2\/pages\/2547\/revisions\/2714"}],"wp:attachment":[{"href":"https:\/\/atelier-lharmonie.com\/index.php\/wp-json\/wp\/v2\/media?parent=2547"}],"curies":[{"name":"wp","href":"https:\/\/api.w.org\/{rel}","templated":true}]}}