{"id":2551,"date":"2023-04-07T01:19:24","date_gmt":"2023-04-07T00:19:24","guid":{"rendered":"https:\/\/atelier-lharmonie.com\/?page_id=2551"},"modified":"2023-04-07T01:19:24","modified_gmt":"2023-04-07T00:19:24","slug":"formacion","status":"publish","type":"page","link":"https:\/\/atelier-lharmonie.com\/index.php\/formacion\/","title":{"rendered":"Formaci\u00f3n"},"content":{"rendered":"<p>[vc_row header_feature=&#8221;yes&#8221; margin_bottom=&#8221;0&#8243;][vc_column]<div class=\"eut-element eut-image eut-align-center\" style=\"\"><img width=\"2560\" height=\"1708\" src=\"https:\/\/atelier-lharmonie.com\/wp-content\/uploads\/2023\/04\/formacion-scaled.jpg\" class=\"attachment-full size-full\" alt=\"\" decoding=\"async\" loading=\"lazy\" srcset=\"https:\/\/atelier-lharmonie.com\/wp-content\/uploads\/2023\/04\/formacion-scaled.jpg 2560w, https:\/\/atelier-lharmonie.com\/wp-content\/uploads\/2023\/04\/formacion-300x200.jpg 300w, https:\/\/atelier-lharmonie.com\/wp-content\/uploads\/2023\/04\/formacion-1024x683.jpg 1024w, https:\/\/atelier-lharmonie.com\/wp-content\/uploads\/2023\/04\/formacion-768x512.jpg 768w, https:\/\/atelier-lharmonie.com\/wp-content\/uploads\/2023\/04\/formacion-1536x1025.jpg 1536w, https:\/\/atelier-lharmonie.com\/wp-content\/uploads\/2023\/04\/formacion-1920x1281.jpg 1920w, https:\/\/atelier-lharmonie.com\/wp-content\/uploads\/2023\/04\/formacion-600x400.jpg 600w\" sizes=\"(max-width: 2560px) 100vw, 2560px\" \/><\/div>[\/vc_column][\/vc_row][vc_row desktop_visibility=&#8221;hide&#8221; tablet_visibility=&#8221;hide&#8221; tablet_sm_visibility=&#8221;hide&#8221; mobile_visibility=&#8221;hide&#8221; padding_bottom=&#8221;120&#8243; margin_bottom=&#8221;0&#8243; padding_top=&#8221;120&#8243;][vc_column width=&#8221;1\/2&#8243;][vc_empty_space height=&#8221;60&#8243;]<div class=\"eut-element eut-slogan eut-align-left\" style=\"\"><h3 class=\"eut-slogan-title eut-align-left eut-title-line\"><span>Interior Design<\/span><\/h3>  <p class=\"\">Debitis ceteros comprehensam ius ex. Inimicus elaboraret conclusionemque ei ius, nam no dolor vitae accusam. Vero petentium cum ei, an duo tota nostro, has te accumsan lucilius intellegam. Noluisse vivendum qui te, ex qui ipsum assum. Persecuti reformidans nam id, ex malorum reprimique mea, eum libris..<\/p><div class=\"eut-btn-wrapper\"><a class=\"eut-btn eut-btn-medium eut-square eut-black-color eut-btn-line\" href=\"#\" target=\"_self\" style=\"\"><span>View More<\/span><\/a><\/div><\/div>[vc_empty_space height=&#8221;80&#8243;]<div class=\"eut-element eut-slogan eut-align-left\" style=\"\"><h3 class=\"eut-slogan-title eut-align-left eut-title-line\"><span>Architecture Solution<\/span><\/h3>  <p class=\"\">Nisl viris docendi et vix, homero melius commune ius in. Duo no denique scribentur appellantur, solum suavitate ea per. Nam ea utroque copiosae. Vix an legere ridens legimus. Vim ne nihil elaboraret, in alii antiopam ullamcorper vis. Debitis ceteros comprehensam ius ex. Inimicus elaboraret conclusionemque ei ius, nam no dolor vitae accusam. Vero petentium cum ei, an duo tota nostro, has te accumsan lucilius intellegam. Noluisse vivendum qui te, ex qui ipsum assum. Persecuti reformidans nam id, ex malorum reprimique mea.<\/p><div class=\"eut-btn-wrapper\"><a class=\"eut-btn eut-btn-medium eut-square eut-black-color eut-btn-line\" href=\"#\" target=\"_self\" style=\"\"><span>View More<\/span><\/a><\/div><\/div>[\/vc_column][vc_column width=&#8221;1\/2&#8243;]<div class=\"eut-element eut-image eut-align-center\" style=\"\"><\/div>[\/vc_column][\/vc_row][vc_row][vc_column][vc_empty_space height=&#8221;60&#8243;]<div class=\"eut-element eut-slogan eut-align-left\" style=\"\">  <p class=\"\">L\u2019HARMONIE propone clases de diferentes niveles y objetivos:<br \/>\n<\/p><\/div><div class=\"eut-element eut-slogan eut-align-left\" style=\"\">  <p class=\"\">\u27a2 Para los ni\u00f1os, curiosos para crear sus accesorios de juego<br \/>\n\u27a2 Para principiantes, deseosos de iniciarse en la costura<br \/>\n\u27a2 Para apasionado\/as, que desean desarrollar sus conocimientos en patronaje y costura<br \/>\n\u27a2 Para profesionales, que buscan perfeccionarse en molderia y t\u00e9cnicas de alta costura <\/p><\/div><div class=\"eut-element eut-slogan eut-align-left\" style=\"\">  <p class=\"\">Individualmente o en grupos de hasta 3 personas, los cursos se organizan por sesi\u00f3n de 3 horas durante las cuales usted realizar\u00e1 sus propias creaciones o seguir\u00e1 un programa espec\u00edfico.<\/p><\/div><div class=\"eut-element eut-slogan eut-align-left\" style=\"\">  <p class=\"\">El aprendizaje se har\u00e1 con m\u00e1quinas de coser familiares e industriales y todo el material est\u00e1 incluido excepto la tela necesaria para su creaci\u00f3n.<\/p><\/div><div class=\"eut-element eut-slogan eut-align-left\" style=\"\">  <p class=\"\">Tiene la libertad de venir cuando quiera, reservando su cupo con una semana de antelaci\u00f3n.<br \/>\nPara los profesionales, ofrezco la posibilidad de seguir formaciones largas de 3 meses o m\u00e1s.<\/p><div class=\"eut-btn-wrapper\"><a class=\"eut-btn eut-btn-medium eut-square eut-black-color eut-btn-line\" href=\"https:\/\/atelier-lharmonie.com\/index.php\/contacto\/\" target=\"_self\" style=\"\"><span>Contacto<\/span><\/a><\/div><\/div>[\/vc_column][\/vc_row]<\/p>\n","protected":false},"excerpt":{"rendered":"<p>[vc_row header_feature=&#8221;yes&#8221; margin_bottom=&#8221;0&#8243;][vc_column][\/vc_column][\/vc_row][vc_row desktop_visibility=&#8221;hide&#8221; tablet_visibility=&#8221;hide&#8221; tablet_sm_visibility=&#8221;hide&#8221; mobile_visibility=&#8221;hide&#8221; padding_bottom=&#8221;120&#8243; margin_bottom=&#8221;0&#8243; padding_top=&#8221;120&#8243;][vc_column width=&#8221;1\/2&#8243;][vc_empty_space height=&#8221;60&#8243;][vc_empty_space height=&#8221;80&#8243;][\/vc_column][vc_column width=&#8221;1\/2&#8243;][\/vc_column][\/vc_row][vc_row][vc_column][vc_empty_space height=&#8221;60&#8243;][\/vc_column][\/vc_row]<\/p>\n","protected":false},"author":1,"featured_media":0,"parent":0,"menu_order":0,"comment_status":"closed","ping_status":"closed","template":"","meta":[],"yoast_head":"<!-- This site is optimized with the Yoast SEO plugin v20.5 - https:\/\/yoast.com\/wordpress\/plugins\/seo\/ -->\n<title>Formaci\u00f3n - Atelier L&#039;Harmonie<\/title>\n<meta name=\"robots\" content=\"index, follow, max-snippet:-1, max-image-preview:large, max-video-preview:-1\" \/>\n<link rel=\"canonical\" href=\"https:\/\/atelier-lharmonie.com\/index.php\/formacion\/\" \/>\n<meta property=\"og:locale\" content=\"es_ES\" \/>\n<meta property=\"og:type\" content=\"article\" \/>\n<meta property=\"og:title\" content=\"Formaci\u00f3n - Atelier L&#039;Harmonie\" \/>\n<meta property=\"og:description\" content=\"[vc_row header_feature=&#8221;yes&#8221; margin_bottom=&#8221;0&#8243;][vc_column][\/vc_column][\/vc_row][vc_row desktop_visibility=&#8221;hide&#8221; tablet_visibility=&#8221;hide&#8221; tablet_sm_visibility=&#8221;hide&#8221; mobile_visibility=&#8221;hide&#8221; padding_bottom=&#8221;120&#8243; margin_bottom=&#8221;0&#8243; padding_top=&#8221;120&#8243;][vc_column width=&#8221;1\/2&#8243;][vc_empty_space height=&#8221;60&#8243;][vc_empty_space height=&#8221;80&#8243;][\/vc_column][vc_column width=&#8221;1\/2&#8243;][\/vc_column][\/vc_row][vc_row][vc_column][vc_empty_space height=&#8221;60&#8243;][\/vc_column][\/vc_row]\" \/>\n<meta property=\"og:url\" content=\"https:\/\/atelier-lharmonie.com\/index.php\/formacion\/\" \/>\n<meta property=\"og:site_name\" content=\"Atelier L&#039;Harmonie\" \/>\n<meta name=\"twitter:card\" content=\"summary_large_image\" \/>\n<meta name=\"twitter:label1\" content=\"Tiempo estimado de lectura\" \/>\n\t<meta name=\"twitter:data1\" content=\"3 minutos\" \/>\n<script type=\"application\/ld+json\" class=\"yoast-schema-graph\">{\"@context\":\"https:\/\/schema.org\",\"@graph\":[{\"@type\":\"WebPage\",\"@id\":\"https:\/\/atelier-lharmonie.com\/index.php\/formacion\/\",\"url\":\"https:\/\/atelier-lharmonie.com\/index.php\/formacion\/\",\"name\":\"Formaci\u00f3n - Atelier L&#039;Harmonie\",\"isPartOf\":{\"@id\":\"https:\/\/atelier-lharmonie.com\/#website\"},\"datePublished\":\"2023-04-07T00:19:24+00:00\",\"dateModified\":\"2023-04-07T00:19:24+00:00\",\"breadcrumb\":{\"@id\":\"https:\/\/atelier-lharmonie.com\/index.php\/formacion\/#breadcrumb\"},\"inLanguage\":\"es-CO\",\"potentialAction\":[{\"@type\":\"ReadAction\",\"target\":[\"https:\/\/atelier-lharmonie.com\/index.php\/formacion\/\"]}]},{\"@type\":\"BreadcrumbList\",\"@id\":\"https:\/\/atelier-lharmonie.com\/index.php\/formacion\/#breadcrumb\",\"itemListElement\":[{\"@type\":\"ListItem\",\"position\":1,\"name\":\"Inicio\",\"item\":\"https:\/\/atelier-lharmonie.com\/\"},{\"@type\":\"ListItem\",\"position\":2,\"name\":\"Formaci\u00f3n\"}]},{\"@type\":\"WebSite\",\"@id\":\"https:\/\/atelier-lharmonie.com\/#website\",\"url\":\"https:\/\/atelier-lharmonie.com\/\",\"name\":\"Atelier L'Harmonie\",\"description\":\"&quot;La pasi\u00f3n del savoir-faire franc\u00e9s&quot;\",\"publisher\":{\"@id\":\"https:\/\/atelier-lharmonie.com\/#\/schema\/person\/edf81820390cc803ccb4404d38e63de0\"},\"potentialAction\":[{\"@type\":\"SearchAction\",\"target\":{\"@type\":\"EntryPoint\",\"urlTemplate\":\"https:\/\/atelier-lharmonie.com\/?s={search_term_string}\"},\"query-input\":\"required name=search_term_string\"}],\"inLanguage\":\"es-CO\"},{\"@type\":[\"Person\",\"Organization\"],\"@id\":\"https:\/\/atelier-lharmonie.com\/#\/schema\/person\/edf81820390cc803ccb4404d38e63de0\",\"name\":\"lea.raymond.mod@gmail.com\",\"image\":{\"@type\":\"ImageObject\",\"inLanguage\":\"es-CO\",\"@id\":\"https:\/\/atelier-lharmonie.com\/#\/schema\/person\/image\/\",\"url\":\"https:\/\/atelier-lharmonie.com\/wp-content\/uploads\/2023\/04\/logo-n-200.png\",\"contentUrl\":\"https:\/\/atelier-lharmonie.com\/wp-content\/uploads\/2023\/04\/logo-n-200.png\",\"width\":3720,\"height\":200,\"caption\":\"lea.raymond.mod@gmail.com\"},\"logo\":{\"@id\":\"https:\/\/atelier-lharmonie.com\/#\/schema\/person\/image\/\"},\"sameAs\":[\"http:\/\/atelier-lharmonie.com\"]}]}<\/script>\n<!-- \/ Yoast SEO plugin. -->","yoast_head_json":{"title":"Formaci\u00f3n - Atelier L&#039;Harmonie","robots":{"index":"index","follow":"follow","max-snippet":"max-snippet:-1","max-image-preview":"max-image-preview:large","max-video-preview":"max-video-preview:-1"},"canonical":"https:\/\/atelier-lharmonie.com\/index.php\/formacion\/","og_locale":"es_ES","og_type":"article","og_title":"Formaci\u00f3n - Atelier L&#039;Harmonie","og_description":"[vc_row header_feature=&#8221;yes&#8221; margin_bottom=&#8221;0&#8243;][vc_column][\/vc_column][\/vc_row][vc_row desktop_visibility=&#8221;hide&#8221; tablet_visibility=&#8221;hide&#8221; tablet_sm_visibility=&#8221;hide&#8221; mobile_visibility=&#8221;hide&#8221; padding_bottom=&#8221;120&#8243; margin_bottom=&#8221;0&#8243; padding_top=&#8221;120&#8243;][vc_column width=&#8221;1\/2&#8243;][vc_empty_space height=&#8221;60&#8243;][vc_empty_space height=&#8221;80&#8243;][\/vc_column][vc_column width=&#8221;1\/2&#8243;][\/vc_column][\/vc_row][vc_row][vc_column][vc_empty_space height=&#8221;60&#8243;][\/vc_column][\/vc_row]","og_url":"https:\/\/atelier-lharmonie.com\/index.php\/formacion\/","og_site_name":"Atelier L&#039;Harmonie","twitter_card":"summary_large_image","twitter_misc":{"Tiempo estimado de lectura":"3 minutos"},"schema":{"@context":"https:\/\/schema.org","@graph":[{"@type":"WebPage","@id":"https:\/\/atelier-lharmonie.com\/index.php\/formacion\/","url":"https:\/\/atelier-lharmonie.com\/index.php\/formacion\/","name":"Formaci\u00f3n - Atelier L&#039;Harmonie","isPartOf":{"@id":"https:\/\/atelier-lharmonie.com\/#website"},"datePublished":"2023-04-07T00:19:24+00:00","dateModified":"2023-04-07T00:19:24+00:00","breadcrumb":{"@id":"https:\/\/atelier-lharmonie.com\/index.php\/formacion\/#breadcrumb"},"inLanguage":"es-CO","potentialAction":[{"@type":"ReadAction","target":["https:\/\/atelier-lharmonie.com\/index.php\/formacion\/"]}]},{"@type":"BreadcrumbList","@id":"https:\/\/atelier-lharmonie.com\/index.php\/formacion\/#breadcrumb","itemListElement":[{"@type":"ListItem","position":1,"name":"Inicio","item":"https:\/\/atelier-lharmonie.com\/"},{"@type":"ListItem","position":2,"name":"Formaci\u00f3n"}]},{"@type":"WebSite","@id":"https:\/\/atelier-lharmonie.com\/#website","url":"https:\/\/atelier-lharmonie.com\/","name":"Atelier L'Harmonie","description":"&quot;La pasi\u00f3n del savoir-faire franc\u00e9s&quot;","publisher":{"@id":"https:\/\/atelier-lharmonie.com\/#\/schema\/person\/edf81820390cc803ccb4404d38e63de0"},"potentialAction":[{"@type":"SearchAction","target":{"@type":"EntryPoint","urlTemplate":"https:\/\/atelier-lharmonie.com\/?s={search_term_string}"},"query-input":"required name=search_term_string"}],"inLanguage":"es-CO"},{"@type":["Person","Organization"],"@id":"https:\/\/atelier-lharmonie.com\/#\/schema\/person\/edf81820390cc803ccb4404d38e63de0","name":"lea.raymond.mod@gmail.com","image":{"@type":"ImageObject","inLanguage":"es-CO","@id":"https:\/\/atelier-lharmonie.com\/#\/schema\/person\/image\/","url":"https:\/\/atelier-lharmonie.com\/wp-content\/uploads\/2023\/04\/logo-n-200.png","contentUrl":"https:\/\/atelier-lharmonie.com\/wp-content\/uploads\/2023\/04\/logo-n-200.png","width":3720,"height":200,"caption":"lea.raymond.mod@gmail.com"},"logo":{"@id":"https:\/\/atelier-lharmonie.com\/#\/schema\/person\/image\/"},"sameAs":["http:\/\/atelier-lharmonie.com"]}]}},"_links":{"self":[{"href":"https:\/\/atelier-lharmonie.com\/index.php\/wp-json\/wp\/v2\/pages\/2551"}],"collection":[{"href":"https:\/\/atelier-lharmonie.com\/index.php\/wp-json\/wp\/v2\/pages"}],"about":[{"href":"https:\/\/atelier-lharmonie.com\/index.php\/wp-json\/wp\/v2\/types\/page"}],"author":[{"embeddable":true,"href":"https:\/\/atelier-lharmonie.com\/index.php\/wp-json\/wp\/v2\/users\/1"}],"replies":[{"embeddable":true,"href":"https:\/\/atelier-lharmonie.com\/index.php\/wp-json\/wp\/v2\/comments?post=2551"}],"version-history":[{"count":1,"href":"https:\/\/atelier-lharmonie.com\/index.php\/wp-json\/wp\/v2\/pages\/2551\/revisions"}],"predecessor-version":[{"id":2553,"href":"https:\/\/atelier-lharmonie.com\/index.php\/wp-json\/wp\/v2\/pages\/2551\/revisions\/2553"}],"wp:attachment":[{"href":"https:\/\/atelier-lharmonie.com\/index.php\/wp-json\/wp\/v2\/media?parent=2551"}],"curies":[{"name":"wp","href":"https:\/\/api.w.org\/{rel}","templated":true}]}}