{"id":2555,"date":"2023-04-07T01:26:01","date_gmt":"2023-04-07T00:26:01","guid":{"rendered":"https:\/\/atelier-lharmonie.com\/?page_id=2555"},"modified":"2023-04-07T01:26:46","modified_gmt":"2023-04-07T00:26:46","slug":"consultoria","status":"publish","type":"page","link":"https:\/\/atelier-lharmonie.com\/index.php\/consultoria\/","title":{"rendered":"Consultor\u00eda"},"content":{"rendered":"<p>[vc_row header_feature=&#8221;yes&#8221; margin_bottom=&#8221;0&#8243;][vc_column]<div class=\"eut-element eut-image eut-align-center\" style=\"\"><img width=\"1868\" height=\"1535\" src=\"https:\/\/atelier-lharmonie.com\/wp-content\/uploads\/2023\/04\/consultoria.jpg\" class=\"attachment-full size-full\" alt=\"\" decoding=\"async\" loading=\"lazy\" srcset=\"https:\/\/atelier-lharmonie.com\/wp-content\/uploads\/2023\/04\/consultoria.jpg 1868w, https:\/\/atelier-lharmonie.com\/wp-content\/uploads\/2023\/04\/consultoria-300x247.jpg 300w, https:\/\/atelier-lharmonie.com\/wp-content\/uploads\/2023\/04\/consultoria-1024x841.jpg 1024w, https:\/\/atelier-lharmonie.com\/wp-content\/uploads\/2023\/04\/consultoria-768x631.jpg 768w, https:\/\/atelier-lharmonie.com\/wp-content\/uploads\/2023\/04\/consultoria-1536x1262.jpg 1536w, https:\/\/atelier-lharmonie.com\/wp-content\/uploads\/2023\/04\/consultoria-600x493.jpg 600w\" sizes=\"(max-width: 1868px) 100vw, 1868px\" \/><\/div>[\/vc_column][\/vc_row][vc_row desktop_visibility=&#8221;hide&#8221; tablet_visibility=&#8221;hide&#8221; tablet_sm_visibility=&#8221;hide&#8221; mobile_visibility=&#8221;hide&#8221; padding_bottom=&#8221;120&#8243; margin_bottom=&#8221;0&#8243; padding_top=&#8221;120&#8243;][vc_column width=&#8221;1\/2&#8243;][vc_empty_space height=&#8221;60&#8243;]<div class=\"eut-element eut-slogan eut-align-left\" style=\"\"><h3 class=\"eut-slogan-title eut-align-left eut-title-line\"><span>Interior Design<\/span><\/h3>  <p class=\"\">Debitis ceteros comprehensam ius ex. Inimicus elaboraret conclusionemque ei ius, nam no dolor vitae accusam. Vero petentium cum ei, an duo tota nostro, has te accumsan lucilius intellegam. Noluisse vivendum qui te, ex qui ipsum assum. Persecuti reformidans nam id, ex malorum reprimique mea, eum libris..<\/p><div class=\"eut-btn-wrapper\"><a class=\"eut-btn eut-btn-medium eut-square eut-black-color eut-btn-line\" href=\"#\" target=\"_self\" style=\"\"><span>View More<\/span><\/a><\/div><\/div>[vc_empty_space height=&#8221;80&#8243;]<div class=\"eut-element eut-slogan eut-align-left\" style=\"\"><h3 class=\"eut-slogan-title eut-align-left eut-title-line\"><span>Architecture Solution<\/span><\/h3>  <p class=\"\">Nisl viris docendi et vix, homero melius commune ius in. Duo no denique scribentur appellantur, solum suavitate ea per. Nam ea utroque copiosae. Vix an legere ridens legimus. Vim ne nihil elaboraret, in alii antiopam ullamcorper vis. Debitis ceteros comprehensam ius ex. Inimicus elaboraret conclusionemque ei ius, nam no dolor vitae accusam. Vero petentium cum ei, an duo tota nostro, has te accumsan lucilius intellegam. Noluisse vivendum qui te, ex qui ipsum assum. Persecuti reformidans nam id, ex malorum reprimique mea.<\/p><div class=\"eut-btn-wrapper\"><a class=\"eut-btn eut-btn-medium eut-square eut-black-color eut-btn-line\" href=\"#\" target=\"_self\" style=\"\"><span>View More<\/span><\/a><\/div><\/div>[\/vc_column][vc_column width=&#8221;1\/2&#8243;]<div class=\"eut-element eut-image eut-align-center\" style=\"\"><\/div>[\/vc_column][\/vc_row][vc_row][vc_column][vc_empty_space height=&#8221;60&#8243;]<div class=\"eut-element eut-slogan eut-align-left\" style=\"\">  <p class=\"\">Ya sea que est\u00e9 pensando en crear su marca o en una empresa establecida, le ofrezco soluciones personalizadas, ya que contar con las herramientas y los consejos expertos en el momento adecuado es la clave para un crecimiento exitoso.<br \/>\n<\/p><\/div><div class=\"eut-element eut-slogan eut-align-left\" style=\"\">  <p class=\"\">Despu\u00e9s de un tiempo de intercambio para orientar sus necesidades, pondr\u00e9 a su disposici\u00f3n mis conocimientos y experiencias para ayudarle a:<\/p><\/div><div class=\"eut-element eut-slogan eut-align-left\" style=\"\">  <p class=\"\">\u27a2 Mejorar la calidad de sus modelos resolviendo los problemas t\u00e9cnicos relacionados con el patronaje, el escalado y la confecci\u00f3n.<br \/>\n\u27a2 Asesorar sobre los retoques t\u00e9cnicos adecuados durante las sesiones de prueba.<br \/>\n\u27a2 Introducir nuevos procesos: codificaci\u00f3n (SKU), tabla de tallaje<br \/>\n\u27a2 Agilizar la organizaci\u00f3n mediante la creaci\u00f3n de fichas de seguimiento y fichas t\u00e9cnicas para permitir una mejor coordinaci\u00f3n en su equipo.<br \/>\n\u27a2 Optimizar la productividad mediante la configuraci\u00f3n de su espacio y tiempo.<br \/>\n\u27a2 Capacitar y perfeccionar a sus empleados en nuevos m\u00e9todos de trabajo. <\/p><div class=\"eut-btn-wrapper\"><a class=\"eut-btn eut-btn-medium eut-square eut-black-color eut-btn-line\" href=\"https:\/\/atelier-lharmonie.com\/index.php\/contacto\/\" target=\"_self\" style=\"\"><span>Contacto<\/span><\/a><\/div><\/div>[\/vc_column][\/vc_row]<\/p>\n","protected":false},"excerpt":{"rendered":"<p>[vc_row header_feature=&#8221;yes&#8221; margin_bottom=&#8221;0&#8243;][vc_column][\/vc_column][\/vc_row][vc_row desktop_visibility=&#8221;hide&#8221; tablet_visibility=&#8221;hide&#8221; tablet_sm_visibility=&#8221;hide&#8221; mobile_visibility=&#8221;hide&#8221; padding_bottom=&#8221;120&#8243; margin_bottom=&#8221;0&#8243; padding_top=&#8221;120&#8243;][vc_column width=&#8221;1\/2&#8243;][vc_empty_space height=&#8221;60&#8243;][vc_empty_space height=&#8221;80&#8243;][\/vc_column][vc_column width=&#8221;1\/2&#8243;][\/vc_column][\/vc_row][vc_row][vc_column][vc_empty_space height=&#8221;60&#8243;][\/vc_column][\/vc_row]<\/p>\n","protected":false},"author":1,"featured_media":0,"parent":0,"menu_order":0,"comment_status":"closed","ping_status":"closed","template":"","meta":[],"yoast_head":"<!-- This site is optimized with the Yoast SEO plugin v20.5 - https:\/\/yoast.com\/wordpress\/plugins\/seo\/ -->\n<title>Consultor\u00eda - Atelier L&#039;Harmonie<\/title>\n<meta name=\"robots\" content=\"index, follow, max-snippet:-1, max-image-preview:large, max-video-preview:-1\" \/>\n<link rel=\"canonical\" href=\"https:\/\/atelier-lharmonie.com\/index.php\/consultoria\/\" \/>\n<meta property=\"og:locale\" content=\"es_ES\" \/>\n<meta property=\"og:type\" content=\"article\" \/>\n<meta property=\"og:title\" content=\"Consultor\u00eda - Atelier L&#039;Harmonie\" \/>\n<meta property=\"og:description\" content=\"[vc_row header_feature=&#8221;yes&#8221; margin_bottom=&#8221;0&#8243;][vc_column][\/vc_column][\/vc_row][vc_row desktop_visibility=&#8221;hide&#8221; tablet_visibility=&#8221;hide&#8221; tablet_sm_visibility=&#8221;hide&#8221; mobile_visibility=&#8221;hide&#8221; padding_bottom=&#8221;120&#8243; margin_bottom=&#8221;0&#8243; padding_top=&#8221;120&#8243;][vc_column width=&#8221;1\/2&#8243;][vc_empty_space height=&#8221;60&#8243;][vc_empty_space height=&#8221;80&#8243;][\/vc_column][vc_column width=&#8221;1\/2&#8243;][\/vc_column][\/vc_row][vc_row][vc_column][vc_empty_space height=&#8221;60&#8243;][\/vc_column][\/vc_row]\" \/>\n<meta property=\"og:url\" content=\"https:\/\/atelier-lharmonie.com\/index.php\/consultoria\/\" \/>\n<meta property=\"og:site_name\" content=\"Atelier L&#039;Harmonie\" \/>\n<meta property=\"article:modified_time\" content=\"2023-04-07T00:26:46+00:00\" \/>\n<meta name=\"twitter:card\" content=\"summary_large_image\" \/>\n<meta name=\"twitter:label1\" content=\"Tiempo estimado de lectura\" \/>\n\t<meta name=\"twitter:data1\" content=\"2 minutos\" \/>\n<script type=\"application\/ld+json\" class=\"yoast-schema-graph\">{\"@context\":\"https:\/\/schema.org\",\"@graph\":[{\"@type\":\"WebPage\",\"@id\":\"https:\/\/atelier-lharmonie.com\/index.php\/consultoria\/\",\"url\":\"https:\/\/atelier-lharmonie.com\/index.php\/consultoria\/\",\"name\":\"Consultor\u00eda - Atelier L&#039;Harmonie\",\"isPartOf\":{\"@id\":\"https:\/\/atelier-lharmonie.com\/#website\"},\"datePublished\":\"2023-04-07T00:26:01+00:00\",\"dateModified\":\"2023-04-07T00:26:46+00:00\",\"breadcrumb\":{\"@id\":\"https:\/\/atelier-lharmonie.com\/index.php\/consultoria\/#breadcrumb\"},\"inLanguage\":\"es-CO\",\"potentialAction\":[{\"@type\":\"ReadAction\",\"target\":[\"https:\/\/atelier-lharmonie.com\/index.php\/consultoria\/\"]}]},{\"@type\":\"BreadcrumbList\",\"@id\":\"https:\/\/atelier-lharmonie.com\/index.php\/consultoria\/#breadcrumb\",\"itemListElement\":[{\"@type\":\"ListItem\",\"position\":1,\"name\":\"Inicio\",\"item\":\"https:\/\/atelier-lharmonie.com\/\"},{\"@type\":\"ListItem\",\"position\":2,\"name\":\"Consultor\u00eda\"}]},{\"@type\":\"WebSite\",\"@id\":\"https:\/\/atelier-lharmonie.com\/#website\",\"url\":\"https:\/\/atelier-lharmonie.com\/\",\"name\":\"Atelier L'Harmonie\",\"description\":\"&quot;La pasi\u00f3n del savoir-faire franc\u00e9s&quot;\",\"publisher\":{\"@id\":\"https:\/\/atelier-lharmonie.com\/#\/schema\/person\/edf81820390cc803ccb4404d38e63de0\"},\"potentialAction\":[{\"@type\":\"SearchAction\",\"target\":{\"@type\":\"EntryPoint\",\"urlTemplate\":\"https:\/\/atelier-lharmonie.com\/?s={search_term_string}\"},\"query-input\":\"required name=search_term_string\"}],\"inLanguage\":\"es-CO\"},{\"@type\":[\"Person\",\"Organization\"],\"@id\":\"https:\/\/atelier-lharmonie.com\/#\/schema\/person\/edf81820390cc803ccb4404d38e63de0\",\"name\":\"lea.raymond.mod@gmail.com\",\"image\":{\"@type\":\"ImageObject\",\"inLanguage\":\"es-CO\",\"@id\":\"https:\/\/atelier-lharmonie.com\/#\/schema\/person\/image\/\",\"url\":\"https:\/\/atelier-lharmonie.com\/wp-content\/uploads\/2023\/04\/logo-n-200.png\",\"contentUrl\":\"https:\/\/atelier-lharmonie.com\/wp-content\/uploads\/2023\/04\/logo-n-200.png\",\"width\":3720,\"height\":200,\"caption\":\"lea.raymond.mod@gmail.com\"},\"logo\":{\"@id\":\"https:\/\/atelier-lharmonie.com\/#\/schema\/person\/image\/\"},\"sameAs\":[\"http:\/\/atelier-lharmonie.com\"]}]}<\/script>\n<!-- \/ Yoast SEO plugin. -->","yoast_head_json":{"title":"Consultor\u00eda - Atelier L&#039;Harmonie","robots":{"index":"index","follow":"follow","max-snippet":"max-snippet:-1","max-image-preview":"max-image-preview:large","max-video-preview":"max-video-preview:-1"},"canonical":"https:\/\/atelier-lharmonie.com\/index.php\/consultoria\/","og_locale":"es_ES","og_type":"article","og_title":"Consultor\u00eda - Atelier L&#039;Harmonie","og_description":"[vc_row header_feature=&#8221;yes&#8221; margin_bottom=&#8221;0&#8243;][vc_column][\/vc_column][\/vc_row][vc_row desktop_visibility=&#8221;hide&#8221; tablet_visibility=&#8221;hide&#8221; tablet_sm_visibility=&#8221;hide&#8221; mobile_visibility=&#8221;hide&#8221; padding_bottom=&#8221;120&#8243; margin_bottom=&#8221;0&#8243; padding_top=&#8221;120&#8243;][vc_column width=&#8221;1\/2&#8243;][vc_empty_space height=&#8221;60&#8243;][vc_empty_space height=&#8221;80&#8243;][\/vc_column][vc_column width=&#8221;1\/2&#8243;][\/vc_column][\/vc_row][vc_row][vc_column][vc_empty_space height=&#8221;60&#8243;][\/vc_column][\/vc_row]","og_url":"https:\/\/atelier-lharmonie.com\/index.php\/consultoria\/","og_site_name":"Atelier L&#039;Harmonie","article_modified_time":"2023-04-07T00:26:46+00:00","twitter_card":"summary_large_image","twitter_misc":{"Tiempo estimado de lectura":"2 minutos"},"schema":{"@context":"https:\/\/schema.org","@graph":[{"@type":"WebPage","@id":"https:\/\/atelier-lharmonie.com\/index.php\/consultoria\/","url":"https:\/\/atelier-lharmonie.com\/index.php\/consultoria\/","name":"Consultor\u00eda - Atelier L&#039;Harmonie","isPartOf":{"@id":"https:\/\/atelier-lharmonie.com\/#website"},"datePublished":"2023-04-07T00:26:01+00:00","dateModified":"2023-04-07T00:26:46+00:00","breadcrumb":{"@id":"https:\/\/atelier-lharmonie.com\/index.php\/consultoria\/#breadcrumb"},"inLanguage":"es-CO","potentialAction":[{"@type":"ReadAction","target":["https:\/\/atelier-lharmonie.com\/index.php\/consultoria\/"]}]},{"@type":"BreadcrumbList","@id":"https:\/\/atelier-lharmonie.com\/index.php\/consultoria\/#breadcrumb","itemListElement":[{"@type":"ListItem","position":1,"name":"Inicio","item":"https:\/\/atelier-lharmonie.com\/"},{"@type":"ListItem","position":2,"name":"Consultor\u00eda"}]},{"@type":"WebSite","@id":"https:\/\/atelier-lharmonie.com\/#website","url":"https:\/\/atelier-lharmonie.com\/","name":"Atelier L'Harmonie","description":"&quot;La pasi\u00f3n del savoir-faire franc\u00e9s&quot;","publisher":{"@id":"https:\/\/atelier-lharmonie.com\/#\/schema\/person\/edf81820390cc803ccb4404d38e63de0"},"potentialAction":[{"@type":"SearchAction","target":{"@type":"EntryPoint","urlTemplate":"https:\/\/atelier-lharmonie.com\/?s={search_term_string}"},"query-input":"required name=search_term_string"}],"inLanguage":"es-CO"},{"@type":["Person","Organization"],"@id":"https:\/\/atelier-lharmonie.com\/#\/schema\/person\/edf81820390cc803ccb4404d38e63de0","name":"lea.raymond.mod@gmail.com","image":{"@type":"ImageObject","inLanguage":"es-CO","@id":"https:\/\/atelier-lharmonie.com\/#\/schema\/person\/image\/","url":"https:\/\/atelier-lharmonie.com\/wp-content\/uploads\/2023\/04\/logo-n-200.png","contentUrl":"https:\/\/atelier-lharmonie.com\/wp-content\/uploads\/2023\/04\/logo-n-200.png","width":3720,"height":200,"caption":"lea.raymond.mod@gmail.com"},"logo":{"@id":"https:\/\/atelier-lharmonie.com\/#\/schema\/person\/image\/"},"sameAs":["http:\/\/atelier-lharmonie.com"]}]}},"_links":{"self":[{"href":"https:\/\/atelier-lharmonie.com\/index.php\/wp-json\/wp\/v2\/pages\/2555"}],"collection":[{"href":"https:\/\/atelier-lharmonie.com\/index.php\/wp-json\/wp\/v2\/pages"}],"about":[{"href":"https:\/\/atelier-lharmonie.com\/index.php\/wp-json\/wp\/v2\/types\/page"}],"author":[{"embeddable":true,"href":"https:\/\/atelier-lharmonie.com\/index.php\/wp-json\/wp\/v2\/users\/1"}],"replies":[{"embeddable":true,"href":"https:\/\/atelier-lharmonie.com\/index.php\/wp-json\/wp\/v2\/comments?post=2555"}],"version-history":[{"count":2,"href":"https:\/\/atelier-lharmonie.com\/index.php\/wp-json\/wp\/v2\/pages\/2555\/revisions"}],"predecessor-version":[{"id":2558,"href":"https:\/\/atelier-lharmonie.com\/index.php\/wp-json\/wp\/v2\/pages\/2555\/revisions\/2558"}],"wp:attachment":[{"href":"https:\/\/atelier-lharmonie.com\/index.php\/wp-json\/wp\/v2\/media?parent=2555"}],"curies":[{"name":"wp","href":"https:\/\/api.w.org\/{rel}","templated":true}]}}