{"id":335,"date":"2015-11-25T18:24:34","date_gmt":"2015-11-25T18:24:34","guid":{"rendered":"https:\/\/atelier-lharmonie.com\/index.php\/services-2\/"},"modified":"2023-04-07T01:09:38","modified_gmt":"2023-04-07T00:09:38","slug":"a-medida","status":"publish","type":"page","link":"https:\/\/atelier-lharmonie.com\/index.php\/a-medida\/","title":{"rendered":"A Medida"},"content":{"rendered":"<p>[vc_row header_feature=&#8221;yes&#8221; margin_bottom=&#8221;0&#8243;][vc_column]<div class=\"eut-element eut-image eut-align-center\" style=\"\"><img width=\"2560\" height=\"2048\" src=\"https:\/\/atelier-lharmonie.com\/wp-content\/uploads\/2023\/04\/a-medida-scaled.jpg\" class=\"attachment-full size-full\" alt=\"\" decoding=\"async\" loading=\"lazy\" srcset=\"https:\/\/atelier-lharmonie.com\/wp-content\/uploads\/2023\/04\/a-medida-scaled.jpg 2560w, https:\/\/atelier-lharmonie.com\/wp-content\/uploads\/2023\/04\/a-medida-300x240.jpg 300w, https:\/\/atelier-lharmonie.com\/wp-content\/uploads\/2023\/04\/a-medida-1024x819.jpg 1024w, https:\/\/atelier-lharmonie.com\/wp-content\/uploads\/2023\/04\/a-medida-768x614.jpg 768w, https:\/\/atelier-lharmonie.com\/wp-content\/uploads\/2023\/04\/a-medida-1536x1229.jpg 1536w, https:\/\/atelier-lharmonie.com\/wp-content\/uploads\/2023\/04\/a-medida-1920x1536.jpg 1920w, https:\/\/atelier-lharmonie.com\/wp-content\/uploads\/2023\/04\/a-medida-600x480.jpg 600w\" sizes=\"(max-width: 2560px) 100vw, 2560px\" \/><\/div>[\/vc_column][\/vc_row][vc_row desktop_visibility=&#8221;hide&#8221; tablet_visibility=&#8221;hide&#8221; tablet_sm_visibility=&#8221;hide&#8221; mobile_visibility=&#8221;hide&#8221; padding_bottom=&#8221;120&#8243; margin_bottom=&#8221;0&#8243; padding_top=&#8221;120&#8243;][vc_column width=&#8221;1\/2&#8243;][vc_empty_space height=&#8221;60&#8243;]<div class=\"eut-element eut-slogan eut-align-left\" style=\"\"><h3 class=\"eut-slogan-title eut-align-left eut-title-line\"><span>Interior Design<\/span><\/h3>  <p class=\"\">Debitis ceteros comprehensam ius ex. Inimicus elaboraret conclusionemque ei ius, nam no dolor vitae accusam. Vero petentium cum ei, an duo tota nostro, has te accumsan lucilius intellegam. Noluisse vivendum qui te, ex qui ipsum assum. Persecuti reformidans nam id, ex malorum reprimique mea, eum libris..<\/p><div class=\"eut-btn-wrapper\"><a class=\"eut-btn eut-btn-medium eut-square eut-black-color eut-btn-line\" href=\"#\" target=\"_self\" style=\"\"><span>View More<\/span><\/a><\/div><\/div>[vc_empty_space height=&#8221;80&#8243;]<div class=\"eut-element eut-slogan eut-align-left\" style=\"\"><h3 class=\"eut-slogan-title eut-align-left eut-title-line\"><span>Architecture Solution<\/span><\/h3>  <p class=\"\">Nisl viris docendi et vix, homero melius commune ius in. Duo no denique scribentur appellantur, solum suavitate ea per. Nam ea utroque copiosae. Vix an legere ridens legimus. Vim ne nihil elaboraret, in alii antiopam ullamcorper vis. Debitis ceteros comprehensam ius ex. Inimicus elaboraret conclusionemque ei ius, nam no dolor vitae accusam. Vero petentium cum ei, an duo tota nostro, has te accumsan lucilius intellegam. Noluisse vivendum qui te, ex qui ipsum assum. Persecuti reformidans nam id, ex malorum reprimique mea.<\/p><div class=\"eut-btn-wrapper\"><a class=\"eut-btn eut-btn-medium eut-square eut-black-color eut-btn-line\" href=\"#\" target=\"_self\" style=\"\"><span>View More<\/span><\/a><\/div><\/div>[\/vc_column][vc_column width=&#8221;1\/2&#8243;]<div class=\"eut-element eut-image eut-align-center\" style=\"\"><\/div>[\/vc_column][\/vc_row][vc_row][vc_column][vc_empty_space height=&#8221;60&#8243;]<div class=\"eut-element eut-slogan eut-align-left\" style=\"\">  <p class=\"\">Desde el dise\u00f1o hasta la confecci\u00f3n, cada detalle es la expresi\u00f3n de un dominio t\u00e9cnico avanzado y de un saber hacer de excelencia. Compuesto de materiales refinados y dise\u00f1ado por innumerables puntos manos, L&#8217;Harmonie crea para usted m\u00e1s que una prenda: un traje de prestigio.<\/p><\/div><div class=\"eut-element eut-slogan eut-align-left\" style=\"\">  <p class=\"\">1) En la primera cita, con un delicioso caf\u00e9, escuchar\u00e9 sus deseos y analizar\u00e9 las fotos e im\u00e1genes de inspiraci\u00f3n que hayan seleccionado para dibujar los primeros bocetos. Luego le aconsejar\u00e9 en la elecci\u00f3n de las telas y tipos de acabados adecuados para realizar el modelo de tus sue\u00f1os.<\/p><\/div><div class=\"eut-element eut-slogan eut-align-left\" style=\"\">  <p class=\"\">2) A continuaci\u00f3n, confeccionar\u00e9 el modelo en un lienzo de algod\u00f3n, que usted se pondr\u00e1 durante la primera sesi\u00f3n de prueba, lo que permitir\u00e1 tener en cuenta las especificidades de su cuerpo, elegir las l\u00edneas definitivas de los cortes y comprobar la holgura de movimiento en la prenda para una comodidad ideal.<\/p><\/div><div class=\"eut-element eut-slogan eut-align-left\" style=\"\">  <p class=\"\">3) Luego realizar\u00e9 el modelo en la tela elegida. La segunda sesi\u00f3n de prueba permitir\u00e1 ver el modelo en curso de realizaci\u00f3n, controlar la ca\u00edda de la ropa y ajustar su longitud a los zapatos.<\/p><\/div><div class=\"eut-element eut-slogan eut-align-left\" style=\"\">  <p class=\"\">4) La tercera prueba es el \u00faltimo control antes de la entrega, para realizar cualquier cambio de \u00faltimo momento.<\/p><\/div><div class=\"eut-element eut-slogan eut-align-left\" style=\"\">  <p class=\"\">Tambi\u00e9n es posible el acompa\u00f1amiento en tiendas para la b\u00fasqueda de materiales y accesorios.<\/p><div class=\"eut-btn-wrapper\"><a class=\"eut-btn eut-btn-medium eut-square eut-black-color eut-btn-line\" href=\"https:\/\/atelier-lharmonie.com\/index.php\/contacto\/\" target=\"_self\" style=\"\"><span>Contacto<\/span><\/a><\/div><\/div>[\/vc_column][\/vc_row]<\/p>\n","protected":false},"excerpt":{"rendered":"<p>[vc_row header_feature=&#8221;yes&#8221; margin_bottom=&#8221;0&#8243;][vc_column][\/vc_column][\/vc_row][vc_row desktop_visibility=&#8221;hide&#8221; tablet_visibility=&#8221;hide&#8221; tablet_sm_visibility=&#8221;hide&#8221; mobile_visibility=&#8221;hide&#8221; padding_bottom=&#8221;120&#8243; margin_bottom=&#8221;0&#8243; padding_top=&#8221;120&#8243;][vc_column width=&#8221;1\/2&#8243;][vc_empty_space height=&#8221;60&#8243;][vc_empty_space height=&#8221;80&#8243;][\/vc_column][vc_column width=&#8221;1\/2&#8243;][\/vc_column][\/vc_row][vc_row][vc_column][vc_empty_space height=&#8221;60&#8243;][\/vc_column][\/vc_row]<\/p>\n","protected":false},"author":1,"featured_media":0,"parent":0,"menu_order":0,"comment_status":"closed","ping_status":"closed","template":"","meta":[],"yoast_head":"<!-- This site is optimized with the Yoast SEO plugin v20.5 - https:\/\/yoast.com\/wordpress\/plugins\/seo\/ -->\n<title>A Medida - Atelier L&#039;Harmonie<\/title>\n<meta name=\"robots\" content=\"index, follow, max-snippet:-1, max-image-preview:large, max-video-preview:-1\" \/>\n<link rel=\"canonical\" href=\"https:\/\/atelier-lharmonie.com\/index.php\/a-medida\/\" \/>\n<meta property=\"og:locale\" content=\"es_ES\" \/>\n<meta property=\"og:type\" content=\"article\" \/>\n<meta property=\"og:title\" content=\"A Medida - Atelier L&#039;Harmonie\" \/>\n<meta property=\"og:description\" content=\"[vc_row header_feature=&#8221;yes&#8221; margin_bottom=&#8221;0&#8243;][vc_column][\/vc_column][\/vc_row][vc_row desktop_visibility=&#8221;hide&#8221; tablet_visibility=&#8221;hide&#8221; tablet_sm_visibility=&#8221;hide&#8221; mobile_visibility=&#8221;hide&#8221; padding_bottom=&#8221;120&#8243; margin_bottom=&#8221;0&#8243; padding_top=&#8221;120&#8243;][vc_column width=&#8221;1\/2&#8243;][vc_empty_space height=&#8221;60&#8243;][vc_empty_space height=&#8221;80&#8243;][\/vc_column][vc_column width=&#8221;1\/2&#8243;][\/vc_column][\/vc_row][vc_row][vc_column][vc_empty_space height=&#8221;60&#8243;][\/vc_column][\/vc_row]\" \/>\n<meta property=\"og:url\" content=\"https:\/\/atelier-lharmonie.com\/index.php\/a-medida\/\" \/>\n<meta property=\"og:site_name\" content=\"Atelier L&#039;Harmonie\" \/>\n<meta property=\"article:modified_time\" content=\"2023-04-07T00:09:38+00:00\" \/>\n<meta name=\"twitter:card\" content=\"summary_large_image\" \/>\n<meta name=\"twitter:label1\" content=\"Tiempo estimado de lectura\" \/>\n\t<meta name=\"twitter:data1\" content=\"3 minutos\" \/>\n<script type=\"application\/ld+json\" class=\"yoast-schema-graph\">{\"@context\":\"https:\/\/schema.org\",\"@graph\":[{\"@type\":\"WebPage\",\"@id\":\"https:\/\/atelier-lharmonie.com\/index.php\/a-medida\/\",\"url\":\"https:\/\/atelier-lharmonie.com\/index.php\/a-medida\/\",\"name\":\"A Medida - Atelier L&#039;Harmonie\",\"isPartOf\":{\"@id\":\"https:\/\/atelier-lharmonie.com\/#website\"},\"datePublished\":\"2015-11-25T18:24:34+00:00\",\"dateModified\":\"2023-04-07T00:09:38+00:00\",\"breadcrumb\":{\"@id\":\"https:\/\/atelier-lharmonie.com\/index.php\/a-medida\/#breadcrumb\"},\"inLanguage\":\"es-CO\",\"potentialAction\":[{\"@type\":\"ReadAction\",\"target\":[\"https:\/\/atelier-lharmonie.com\/index.php\/a-medida\/\"]}]},{\"@type\":\"BreadcrumbList\",\"@id\":\"https:\/\/atelier-lharmonie.com\/index.php\/a-medida\/#breadcrumb\",\"itemListElement\":[{\"@type\":\"ListItem\",\"position\":1,\"name\":\"Inicio\",\"item\":\"https:\/\/atelier-lharmonie.com\/\"},{\"@type\":\"ListItem\",\"position\":2,\"name\":\"A Medida\"}]},{\"@type\":\"WebSite\",\"@id\":\"https:\/\/atelier-lharmonie.com\/#website\",\"url\":\"https:\/\/atelier-lharmonie.com\/\",\"name\":\"Atelier L'Harmonie\",\"description\":\"&quot;La pasi\u00f3n del savoir-faire franc\u00e9s&quot;\",\"publisher\":{\"@id\":\"https:\/\/atelier-lharmonie.com\/#\/schema\/person\/edf81820390cc803ccb4404d38e63de0\"},\"potentialAction\":[{\"@type\":\"SearchAction\",\"target\":{\"@type\":\"EntryPoint\",\"urlTemplate\":\"https:\/\/atelier-lharmonie.com\/?s={search_term_string}\"},\"query-input\":\"required name=search_term_string\"}],\"inLanguage\":\"es-CO\"},{\"@type\":[\"Person\",\"Organization\"],\"@id\":\"https:\/\/atelier-lharmonie.com\/#\/schema\/person\/edf81820390cc803ccb4404d38e63de0\",\"name\":\"lea.raymond.mod@gmail.com\",\"image\":{\"@type\":\"ImageObject\",\"inLanguage\":\"es-CO\",\"@id\":\"https:\/\/atelier-lharmonie.com\/#\/schema\/person\/image\/\",\"url\":\"https:\/\/atelier-lharmonie.com\/wp-content\/uploads\/2023\/04\/logo-n-200.png\",\"contentUrl\":\"https:\/\/atelier-lharmonie.com\/wp-content\/uploads\/2023\/04\/logo-n-200.png\",\"width\":3720,\"height\":200,\"caption\":\"lea.raymond.mod@gmail.com\"},\"logo\":{\"@id\":\"https:\/\/atelier-lharmonie.com\/#\/schema\/person\/image\/\"},\"sameAs\":[\"http:\/\/atelier-lharmonie.com\"]}]}<\/script>\n<!-- \/ Yoast SEO plugin. -->","yoast_head_json":{"title":"A Medida - Atelier L&#039;Harmonie","robots":{"index":"index","follow":"follow","max-snippet":"max-snippet:-1","max-image-preview":"max-image-preview:large","max-video-preview":"max-video-preview:-1"},"canonical":"https:\/\/atelier-lharmonie.com\/index.php\/a-medida\/","og_locale":"es_ES","og_type":"article","og_title":"A Medida - Atelier L&#039;Harmonie","og_description":"[vc_row header_feature=&#8221;yes&#8221; margin_bottom=&#8221;0&#8243;][vc_column][\/vc_column][\/vc_row][vc_row desktop_visibility=&#8221;hide&#8221; tablet_visibility=&#8221;hide&#8221; tablet_sm_visibility=&#8221;hide&#8221; mobile_visibility=&#8221;hide&#8221; padding_bottom=&#8221;120&#8243; margin_bottom=&#8221;0&#8243; padding_top=&#8221;120&#8243;][vc_column width=&#8221;1\/2&#8243;][vc_empty_space height=&#8221;60&#8243;][vc_empty_space height=&#8221;80&#8243;][\/vc_column][vc_column width=&#8221;1\/2&#8243;][\/vc_column][\/vc_row][vc_row][vc_column][vc_empty_space height=&#8221;60&#8243;][\/vc_column][\/vc_row]","og_url":"https:\/\/atelier-lharmonie.com\/index.php\/a-medida\/","og_site_name":"Atelier L&#039;Harmonie","article_modified_time":"2023-04-07T00:09:38+00:00","twitter_card":"summary_large_image","twitter_misc":{"Tiempo estimado de lectura":"3 minutos"},"schema":{"@context":"https:\/\/schema.org","@graph":[{"@type":"WebPage","@id":"https:\/\/atelier-lharmonie.com\/index.php\/a-medida\/","url":"https:\/\/atelier-lharmonie.com\/index.php\/a-medida\/","name":"A Medida - Atelier L&#039;Harmonie","isPartOf":{"@id":"https:\/\/atelier-lharmonie.com\/#website"},"datePublished":"2015-11-25T18:24:34+00:00","dateModified":"2023-04-07T00:09:38+00:00","breadcrumb":{"@id":"https:\/\/atelier-lharmonie.com\/index.php\/a-medida\/#breadcrumb"},"inLanguage":"es-CO","potentialAction":[{"@type":"ReadAction","target":["https:\/\/atelier-lharmonie.com\/index.php\/a-medida\/"]}]},{"@type":"BreadcrumbList","@id":"https:\/\/atelier-lharmonie.com\/index.php\/a-medida\/#breadcrumb","itemListElement":[{"@type":"ListItem","position":1,"name":"Inicio","item":"https:\/\/atelier-lharmonie.com\/"},{"@type":"ListItem","position":2,"name":"A Medida"}]},{"@type":"WebSite","@id":"https:\/\/atelier-lharmonie.com\/#website","url":"https:\/\/atelier-lharmonie.com\/","name":"Atelier L'Harmonie","description":"&quot;La pasi\u00f3n del savoir-faire franc\u00e9s&quot;","publisher":{"@id":"https:\/\/atelier-lharmonie.com\/#\/schema\/person\/edf81820390cc803ccb4404d38e63de0"},"potentialAction":[{"@type":"SearchAction","target":{"@type":"EntryPoint","urlTemplate":"https:\/\/atelier-lharmonie.com\/?s={search_term_string}"},"query-input":"required name=search_term_string"}],"inLanguage":"es-CO"},{"@type":["Person","Organization"],"@id":"https:\/\/atelier-lharmonie.com\/#\/schema\/person\/edf81820390cc803ccb4404d38e63de0","name":"lea.raymond.mod@gmail.com","image":{"@type":"ImageObject","inLanguage":"es-CO","@id":"https:\/\/atelier-lharmonie.com\/#\/schema\/person\/image\/","url":"https:\/\/atelier-lharmonie.com\/wp-content\/uploads\/2023\/04\/logo-n-200.png","contentUrl":"https:\/\/atelier-lharmonie.com\/wp-content\/uploads\/2023\/04\/logo-n-200.png","width":3720,"height":200,"caption":"lea.raymond.mod@gmail.com"},"logo":{"@id":"https:\/\/atelier-lharmonie.com\/#\/schema\/person\/image\/"},"sameAs":["http:\/\/atelier-lharmonie.com"]}]}},"_links":{"self":[{"href":"https:\/\/atelier-lharmonie.com\/index.php\/wp-json\/wp\/v2\/pages\/335"}],"collection":[{"href":"https:\/\/atelier-lharmonie.com\/index.php\/wp-json\/wp\/v2\/pages"}],"about":[{"href":"https:\/\/atelier-lharmonie.com\/index.php\/wp-json\/wp\/v2\/types\/page"}],"author":[{"embeddable":true,"href":"https:\/\/atelier-lharmonie.com\/index.php\/wp-json\/wp\/v2\/users\/1"}],"replies":[{"embeddable":true,"href":"https:\/\/atelier-lharmonie.com\/index.php\/wp-json\/wp\/v2\/comments?post=335"}],"version-history":[{"count":11,"href":"https:\/\/atelier-lharmonie.com\/index.php\/wp-json\/wp\/v2\/pages\/335\/revisions"}],"predecessor-version":[{"id":2546,"href":"https:\/\/atelier-lharmonie.com\/index.php\/wp-json\/wp\/v2\/pages\/335\/revisions\/2546"}],"wp:attachment":[{"href":"https:\/\/atelier-lharmonie.com\/index.php\/wp-json\/wp\/v2\/media?parent=335"}],"curies":[{"name":"wp","href":"https:\/\/api.w.org\/{rel}","templated":true}]}}